{"id":8379,"date":"2022-08-03T11:10:50","date_gmt":"2022-08-03T09:10:50","guid":{"rendered":"http:\/\/aima.pisa.it\/politica-de-privacidad-y-cookies\/"},"modified":"2024-09-02T10:11:30","modified_gmt":"2024-09-02T08:11:30","slug":"politica-de-privacidad-y-cookies","status":"publish","type":"page","link":"https:\/\/aima.pisa.it\/es\/politica-de-privacidad-y-cookies\/","title":{"rendered":"Pol\u00edtica de privacidad y cookies"},"content":{"rendered":"\t\t<div data-elementor-type=\"wp-page\" data-elementor-id=\"8379\" class=\"elementor elementor-8379 elementor-970\" data-elementor-post-type=\"page\">\n\t\t\t\t\t\t<section class=\"elementor-section elementor-top-section elementor-element elementor-element-fbeb54f elementor-section-boxed elementor-section-height-default elementor-section-height-default\" data-id=\"fbeb54f\" data-element_type=\"section\">\n\t\t\t\t\t\t<div class=\"elementor-container elementor-column-gap-default\">\n\t\t\t\t\t<div class=\"elementor-column elementor-col-100 elementor-top-column elementor-element elementor-element-1ad021d\" data-id=\"1ad021d\" data-element_type=\"column\">\n\t\t\t<div class=\"elementor-widget-wrap elementor-element-populated\">\n\t\t\t\t\t\t<div class=\"elementor-element elementor-element-974b5ad elementor-widget elementor-widget-text-editor\" data-id=\"974b5ad\" data-element_type=\"widget\" data-widget_type=\"text-editor.default\">\n\t\t\t\t<div class=\"elementor-widget-container\">\n\t\t\t<style>\/*! elementor - v3.23.0 - 25-07-2024 *\/\n.elementor-widget-text-editor.elementor-drop-cap-view-stacked .elementor-drop-cap{background-color:#69727d;color:#fff}.elementor-widget-text-editor.elementor-drop-cap-view-framed .elementor-drop-cap{color:#69727d;border:3px solid;background-color:transparent}.elementor-widget-text-editor:not(.elementor-drop-cap-view-default) .elementor-drop-cap{margin-top:8px}.elementor-widget-text-editor:not(.elementor-drop-cap-view-default) .elementor-drop-cap-letter{width:1em;height:1em}.elementor-widget-text-editor .elementor-drop-cap{float:left;text-align:center;line-height:1;font-size:50px}.elementor-widget-text-editor .elementor-drop-cap-letter{display:inline-block}<\/style>\t\t\t\t<p><span style=\"color: #ff0000; font-size: 20px;\"><strong>Pol\u00edtica de privacidad y cookies<\/strong><\/span><\/p>\n<p>P<strong>ol\u00edtica de cookies<\/strong> Las cookies son porciones de c\u00f3digo instaladas en el navegador que ayudan al Responsable a prestar el servicio para los fines descritos. Algunas de las finalidades de la instalaci\u00f3n de Cookies tambi\u00e9n pueden requerir el consentimiento del Usuario.<\/p>\n<p>C<strong>ookies t\u00e9cnicas y de estad\u00edsticas agregadas<\/strong> Actividades estrictamente necesarias para el funcionamiento Esta Aplicaci\u00f3n utiliza cookies para guardar la sesi\u00f3n del Usuario y para realizar otras actividades estrictamente necesarias para el funcionamiento de la misma, por ejemplo en relaci\u00f3n con la distribuci\u00f3n del tr\u00e1fico.<\/p>\n<p>Almacenamiento de preferencias, optimizaci\u00f3n y actividades estad\u00edsticas Esta Aplicaci\u00f3n utiliza cookies para guardar las preferencias de navegaci\u00f3n y optimizar la experiencia de navegaci\u00f3n del Usuario. Entre estas cookies se incluyen, por ejemplo, las que sirven para configurar el idioma y la moneda o para la gesti\u00f3n de estad\u00edsticas por parte del propietario del sitio.<\/p>\n<p>O<strong>tros tipos de Cookies o herramientas de terceros que pueden hacer uso de ellas<\/strong> Algunos de los servicios que se enumeran a continuaci\u00f3n pueden no requerir el consentimiento del Usuario o pueden ser gestionados directamente por el Propietario -seg\u00fan lo que se describa- sin la ayuda de terceros. Si las herramientas que se enumeran a continuaci\u00f3n incluyen servicios gestionados por terceros, \u00e9stos pueden -adem\u00e1s de lo que se especifica y tambi\u00e9n sin conocimiento del Propietario- llevar a cabo actividades de seguimiento del Usuario. Para obtener informaci\u00f3n detallada al respecto, consulte las pol\u00edticas de privacidad de los propios servicios.<\/p>\n<p><strong>\u00bfC\u00f3mo puedo controlar la instalaci\u00f3n de Cookies?<\/strong><br \/>Adem\u00e1s de lo indicado en este documento, el Usuario puede gestionar las preferencias de Cookies directamente en su navegador e impedir -por ejemplo- que terceros instalen Cookies. A trav\u00e9s de las preferencias de su navegador, tambi\u00e9n puede eliminar las cookies instaladas en el pasado, incluida la cookie en la que puede haber guardado su consentimiento para la instalaci\u00f3n de cookies por parte de este sitio. Es importante tener en cuenta que al desactivar todas las cookies, el funcionamiento de este sitio puede verse afectado. El Usuario puede encontrar informaci\u00f3n sobre c\u00f3mo gestionar las cookies en su navegador en las siguientes direcciones:<\/p>\n<p>G <a href=\"https:\/\/support.google.com\/chrome\/answer\/95647?hl=it&amp;p=cpn_cookies\" target=\"_blank\" rel=\"noopener\">oogle Chrome<\/a><a href=\"https:\/\/support.mozilla.org\/it\/kb\/Attivare%20e%20disattivare%20i%20cookie?redirectlocale=en-US&amp;redirectslug=Enabling+and+disabling+cookies\" target=\"_blank\" rel=\"noopener\">,Mozilla Firefox<\/a>, <a href=\"https:\/\/support.apple.com\/kb\/PH19214?viewlocale=it_IT&amp;locale=en_US\" target=\"_blank\" rel=\"noopener\">Apple Safari<\/a> y <a href=\"http:\/\/windows.microsoft.com\/it-it\/windows-vista\/block-or-allow-cookies\" target=\"_blank\" rel=\"noopener\">Microsoft Windows Explorer\/Edge<\/a>. En el caso de servicios prestados por terceros, el Usuario tambi\u00e9n puede ejercer su derecho a oponerse al rastreo inform\u00e1ndose a trav\u00e9s de la pol\u00edtica de privacidad del tercero, a trav\u00e9s del enlace de exclusi\u00f3n voluntaria si se proporciona expl\u00edcitamente o poni\u00e9ndose en contacto directamente con el mismo. Sin perjuicio de lo anterior, el Responsable del Tratamiento informa de que el Usuario puede hacer uso de<a href=\"http:\/\/www.youronlinechoices.com\/\" target=\"_blank\" rel=\"noopener\">Tus Opciones Online<\/a>. A trav\u00e9s de este servicio es posible gestionar las preferencias de seguimiento de la mayor\u00eda de las herramientas publicitarias. Por lo tanto, el Titular aconseja a los Usuarios que utilicen este recurso como complemento de la informaci\u00f3n proporcionada en el presente documento.<\/p>\n<p>R<strong>esponsable del Tratamiento<\/strong> AIMA srl &#8211; Via Lavoria 56\/c, &#8211; 56040 Cenaia (PI), info@aima.pisa.it Dado que la instalaci\u00f3n de Cookies y otros sistemas de seguimiento operados por terceros a trav\u00e9s de los servicios utilizados en esta Aplicaci\u00f3n no puede ser controlada t\u00e9cnicamente por el Responsable del<strong>Tratamiento<\/strong>, cualquier referencia espec\u00edfica a Cookies y sistemas de seguimiento instalados por terceros debe considerarse indicativa.<br \/>\n<br \/>Para obtener informaci\u00f3n completa, consulta la pol\u00edtica de privacidad de cualquier servicio de terceros. Dada la complejidad objetiva de la identificaci\u00f3n de tecnolog\u00edas basadas en Cookies y su muy estrecha integraci\u00f3n con el funcionamiento de la web, se invita al Usuario a ponerse en contacto con el Titular si desea recibir m\u00e1s informaci\u00f3n sobre el uso de Cookies y cualquier uso de las mismas -por ejemplo, por parte de terceros- realizado a trav\u00e9s de este sitio. <\/p>\n<p><strong><br \/><\/strong><br \/>D<strong>efiniciones y referencias legales<\/strong><em>Datos<\/em><strong><em>personales (o Datos)<\/em> Los datos personales son cualquier informaci\u00f3n relativa a una persona f\u00edsica identificada o identificable, incluso indirectamente, por referencia a cualquier otra informaci\u00f3n, incluido un n\u00famero de identificaci\u00f3n personal.<\/strong><\/p>\n<p><em>Datos de uso<\/em><br \/>Se trata de datos personales recogidos autom\u00e1ticamente por la Aplicaci\u00f3n (o por las aplicaciones de terceros que utiliza), entre los que se incluyen: las direcciones IP o los nombres de dominio de los ordenadores utilizados por el Usuario que se conecta a la Aplicaci\u00f3n, las direcciones de notaci\u00f3n URI (Uniform Resource Identifier), la hora de la solicitud, el m\u00e9todo utilizado para enviar la solicitud al servidor, el tama\u00f1o del archivo obtenido como respuesta, el c\u00f3digo num\u00e9rico que indica el estado de la respuesta del servidor (correcto, error, etc.), el pa\u00eds de origen, las caracter\u00edsticas del navegador y del sistema operativo utilizados por el visitante, las distintas connotaciones temporales de la visita (por ejemplo, el tiempo empleado en cada p\u00e1gina) y los detalles del itinerario seguido por el Usuario.), el pa\u00eds de origen, las caracter\u00edsticas del navegador y del sistema operativo utilizados por el visitante, las distintas connotaciones temporales de la visita (por ejemplo, el tiempo de permanencia en cada p\u00e1gina) y los detalles del itinerario seguido dentro de la Aplicaci\u00f3n, con especial referencia a la secuencia de las p\u00e1ginas consultadas, los par\u00e1metros relativos al sistema operativo y al entorno inform\u00e1tico del Usuario.<\/p>\n<p>U<em>suario<\/em> La persona f\u00edsica que utiliza esta Aplicaci\u00f3n, que debe coincidir con el Titular de los Datos o estar autorizada por \u00e9l y cuyos Datos Personales est\u00e1n siendo tratados.<\/p>\n<p>I<em>nteresado<\/em> La persona f\u00edsica o jur\u00eddica a la que se refieren los Datos Personales.<\/p>\n<p>R<em>esponsable del Tratamiento (o Encargado del Tratamiento)<\/em> La persona f\u00edsica, jur\u00eddica, administraci\u00f3n p\u00fablica y cualquier otro organismo, asociaci\u00f3n u organizaci\u00f3n a la que el Responsable del Tratamiento encomiende el tratamiento de los Datos Personales, de conformidad con lo dispuesto en la presente pol\u00edtica de privacidad.<\/p>\n<p>R<em>esponsable del tratamiento (o<\/em> Titular<em>)<\/em> La persona f\u00edsica, jur\u00eddica, administraci\u00f3n p\u00fablica y cualquier otro organismo, asociaci\u00f3n o entidad que sea responsable, incluso conjuntamente con otro titular, de decidir los fines, los m\u00e9todos de tratamiento de los datos personales y los instrumentos utilizados, incluido el perfil de seguridad, en relaci\u00f3n con el funcionamiento y el uso de esta Aplicaci\u00f3n. El Responsable del Tratamiento, salvo que se especifique lo contrario, es el propietario de esta Aplicaci\u00f3n.<\/p>\n<p>E<em>sta Aplicaci\u00f3n<\/em> La herramienta de hardware o software mediante la cual se recogen los Datos Personales de los Usuarios.<\/p>\n<p>C<em>ookie<\/em> Peque\u00f1o dato almacenado en el dispositivo del Usuario.<\/p>\n<div align=\"center\">\n<hr align=\"center\" size=\"2\" width=\"100%\"><\/div>\n<p>R<strong>eferencias legales<\/strong> Aviso a los usuarios europeos: Esta pol\u00edtica de privacidad se elabora en cumplimiento de las obligaciones establecidas en el Art. 10 de la Directiva n <br \/>95\/46\/CE, as\u00ed como con las disposiciones de la Directiva 2002\/58\/CE, actualizada por la Directiva 2009\/136\/CE, sobre Cookies. Esta pol\u00edtica de privacidad se refiere exclusivamente a esta Aplicaci\u00f3n.<\/p>\n\t\t\t\t\t\t<\/div>\n\t\t\t\t<\/div>\n\t\t\t\t\t<\/div>\n\t\t<\/div>\n\t\t\t\t\t<\/div>\n\t\t<\/section>\n\t\t\t\t<\/div>\n\t\t","protected":false},"excerpt":{"rendered":"<p>Pol\u00edtica de privacidad y cookies Pol\u00edtica de cookies Las cookies son porciones de c\u00f3digo instaladas en el navegador que ayudan al Responsable a prestar el servicio para los fines descritos. Algunas de las finalidades de la instalaci\u00f3n de Cookies tambi\u00e9n pueden requerir el consentimiento del Usuario. Cookies t\u00e9cnicas y de estad\u00edsticas agregadas Actividades estrictamente necesarias [&hellip;]<\/p>\n","protected":false},"author":1,"featured_media":0,"parent":0,"menu_order":0,"comment_status":"closed","ping_status":"closed","template":"elementor_header_footer","meta":{"om_disable_all_campaigns":false,"_monsterinsights_skip_tracking":false,"_monsterinsights_sitenote_active":false,"_monsterinsights_sitenote_note":"","_monsterinsights_sitenote_category":0,"site-sidebar-layout":"no-sidebar","site-content-layout":"page-builder","ast-site-content-layout":"","site-content-style":"default","site-sidebar-style":"default","ast-global-header-display":"","ast-banner-title-visibility":"","ast-main-header-display":"","ast-hfb-above-header-display":"","ast-hfb-below-header-display":"","ast-hfb-mobile-header-display":"","site-post-title":"disabled","ast-breadcrumbs-content":"","ast-featured-img":"disabled","footer-sml-layout":"","theme-transparent-header-meta":"","adv-header-id-meta":"","stick-header-meta":"","header-above-stick-meta":"","header-main-stick-meta":"","header-below-stick-meta":"","astra-migrate-meta-layouts":"default","ast-page-background-enabled":"default","ast-page-background-meta":{"desktop":{"background-color":"var(--ast-global-color-4)","background-image":"","background-repeat":"repeat","background-position":"center center","background-size":"auto","background-attachment":"scroll","background-type":"","background-media":"","overlay-type":"","overlay-color":"","overlay-opacity":"","overlay-gradient":""},"tablet":{"background-color":"","background-image":"","background-repeat":"repeat","background-position":"center center","background-size":"auto","background-attachment":"scroll","background-type":"","background-media":"","overlay-type":"","overlay-color":"","overlay-opacity":"","overlay-gradient":""},"mobile":{"background-color":"","background-image":"","background-repeat":"repeat","background-position":"center center","background-size":"auto","background-attachment":"scroll","background-type":"","background-media":"","overlay-type":"","overlay-color":"","overlay-opacity":"","overlay-gradient":""}},"ast-content-background-meta":{"desktop":{"background-color":"var(--ast-global-color-5)","background-image":"","background-repeat":"repeat","background-position":"center center","background-size":"auto","background-attachment":"scroll","background-type":"","background-media":"","overlay-type":"","overlay-color":"","overlay-opacity":"","overlay-gradient":""},"tablet":{"background-color":"var(--ast-global-color-5)","background-image":"","background-repeat":"repeat","background-position":"center center","background-size":"auto","background-attachment":"scroll","background-type":"","background-media":"","overlay-type":"","overlay-color":"","overlay-opacity":"","overlay-gradient":""},"mobile":{"background-color":"var(--ast-global-color-5)","background-image":"","background-repeat":"repeat","background-position":"center center","background-size":"auto","background-attachment":"scroll","background-type":"","background-media":"","overlay-type":"","overlay-color":"","overlay-opacity":"","overlay-gradient":""}},"yasr_overall_rating":0,"yasr_post_is_review":"","yasr_auto_insert_disabled":"","yasr_review_type":"","footnotes":""},"class_list":["post-8379","page","type-page","status-publish","hentry"],"aioseo_notices":[],"yasr_visitor_votes":{"stars_attributes":{"read_only":false,"span_bottom":false},"number_of_votes":0,"sum_votes":0},"_links":{"self":[{"href":"https:\/\/aima.pisa.it\/es\/wp-json\/wp\/v2\/pages\/8379"}],"collection":[{"href":"https:\/\/aima.pisa.it\/es\/wp-json\/wp\/v2\/pages"}],"about":[{"href":"https:\/\/aima.pisa.it\/es\/wp-json\/wp\/v2\/types\/page"}],"author":[{"embeddable":true,"href":"https:\/\/aima.pisa.it\/es\/wp-json\/wp\/v2\/users\/1"}],"replies":[{"embeddable":true,"href":"https:\/\/aima.pisa.it\/es\/wp-json\/wp\/v2\/comments?post=8379"}],"version-history":[{"count":2,"href":"https:\/\/aima.pisa.it\/es\/wp-json\/wp\/v2\/pages\/8379\/revisions"}],"predecessor-version":[{"id":16151,"href":"https:\/\/aima.pisa.it\/es\/wp-json\/wp\/v2\/pages\/8379\/revisions\/16151"}],"wp:attachment":[{"href":"https:\/\/aima.pisa.it\/es\/wp-json\/wp\/v2\/media?parent=8379"}],"curies":[{"name":"wp","href":"https:\/\/api.w.org\/{rel}","templated":true}]}}