{"id":8375,"date":"2022-08-03T11:10:50","date_gmt":"2022-08-03T09:10:50","guid":{"rendered":"http:\/\/aima.pisa.it\/politique-en-matiere-de-protection-de-la-vie-privee-et-de-cookies\/"},"modified":"2024-09-02T10:09:54","modified_gmt":"2024-09-02T08:09:54","slug":"politique-en-matiere-de-protection-de-la-vie-privee-et-de-cookies","status":"publish","type":"page","link":"https:\/\/aima.pisa.it\/fr\/politique-en-matiere-de-protection-de-la-vie-privee-et-de-cookies\/","title":{"rendered":"Politique en mati\u00e8re de protection de la vie priv\u00e9e et de cookies"},"content":{"rendered":"\t\t<div data-elementor-type=\"wp-page\" data-elementor-id=\"8375\" class=\"elementor elementor-8375 elementor-970\" data-elementor-post-type=\"page\">\n\t\t\t\t\t\t<section class=\"elementor-section elementor-top-section elementor-element elementor-element-fbeb54f elementor-section-boxed elementor-section-height-default elementor-section-height-default\" data-id=\"fbeb54f\" data-element_type=\"section\">\n\t\t\t\t\t\t<div class=\"elementor-container elementor-column-gap-default\">\n\t\t\t\t\t<div class=\"elementor-column elementor-col-100 elementor-top-column elementor-element elementor-element-1ad021d\" data-id=\"1ad021d\" data-element_type=\"column\">\n\t\t\t<div class=\"elementor-widget-wrap elementor-element-populated\">\n\t\t\t\t\t\t<div class=\"elementor-element elementor-element-974b5ad elementor-widget elementor-widget-text-editor\" data-id=\"974b5ad\" data-element_type=\"widget\" data-widget_type=\"text-editor.default\">\n\t\t\t\t<div class=\"elementor-widget-container\">\n\t\t\t<style>\/*! elementor - v3.23.0 - 25-07-2024 *\/\n.elementor-widget-text-editor.elementor-drop-cap-view-stacked .elementor-drop-cap{background-color:#69727d;color:#fff}.elementor-widget-text-editor.elementor-drop-cap-view-framed .elementor-drop-cap{color:#69727d;border:3px solid;background-color:transparent}.elementor-widget-text-editor:not(.elementor-drop-cap-view-default) .elementor-drop-cap{margin-top:8px}.elementor-widget-text-editor:not(.elementor-drop-cap-view-default) .elementor-drop-cap-letter{width:1em;height:1em}.elementor-widget-text-editor .elementor-drop-cap{float:left;text-align:center;line-height:1;font-size:50px}.elementor-widget-text-editor .elementor-drop-cap-letter{display:inline-block}<\/style>\t\t\t\t<p><span style=\"color: #ff0000; font-size: 20px;\"><strong>Politique en mati\u00e8re de cookies et de protection de la vie priv\u00e9e<\/strong><\/span><\/p>\n<p>P<strong>olitique en mati\u00e8re de cookies<\/strong> Les cookies sont des portions de code install\u00e9es dans le navigateur qui aident le contr\u00f4leur des donn\u00e9es \u00e0 fournir le service aux fins d\u00e9crites.<br \/>\nCertaines des finalit\u00e9s pour lesquelles les cookies sont install\u00e9s peuvent \u00e9galement n\u00e9cessiter le consentement de l&#8217;utilisateur. <\/p>\n<p>S<strong>tatistiques techniques et agr\u00e9g\u00e9es cookies<\/strong> Activit\u00e9s strictement n\u00e9cessaires au fonctionnement Cette application utilise des cookies pour sauvegarder la session de l&#8217;utilisateur et pour effectuer d&#8217;autres activit\u00e9s strictement n\u00e9cessaires au fonctionnement de celle-ci, par exemple en ce qui concerne la distribution du trafic.<\/p>\n<p>Sauvegarde des pr\u00e9f\u00e9rences, optimisation et statistiques Cette Application utilise des Cookies pour sauvegarder les pr\u00e9f\u00e9rences de navigation et optimiser l&#8217;exp\u00e9rience de navigation de l&#8217;Utilisateur.<br \/>\nIl s&#8217;agit, par exemple, des cookies de param\u00e9trage de la langue et de la devise ou de la gestion des statistiques par le propri\u00e9taire du site. <\/p>\n<p>A<strong>utres types de cookies ou outils de tiers qui peuvent les utiliser<\/strong> Certains des services \u00e9num\u00e9r\u00e9s ci-dessous peuvent ne pas n\u00e9cessiter le consentement de l&#8217;Utilisateur ou peuvent \u00eatre g\u00e9r\u00e9s directement par le Propri\u00e9taire &#8211; selon ce qui est d\u00e9crit &#8211; sans l&#8217;aide de tiers. Si les outils \u00e9num\u00e9r\u00e9s ci-dessous comprennent des services g\u00e9r\u00e9s par des tiers, ceux-ci peuvent &#8211; en plus de ce qui est sp\u00e9cifi\u00e9 et \u00e9galement \u00e0 l&#8217;insu du Propri\u00e9taire &#8211; effectuer des activit\u00e9s de tra\u00e7age sur l&#8217;Utilisateur.<br \/>\nPour obtenir des informations d\u00e9taill\u00e9es \u00e0 ce sujet, veuillez consulter les politiques de confidentialit\u00e9 des services eux-m\u00eames. <\/p>\n<p><strong>Comment puis-je contr\u00f4ler l&#8217;installation des cookies ?<\/strong><br \/>Outre ce qui est indiqu\u00e9 dans le pr\u00e9sent document, vous pouvez g\u00e9rer vos pr\u00e9f\u00e9rences en mati\u00e8re de cookies directement dans votre navigateur et emp\u00eacher, par exemple, des tiers d&#8217;installer des cookies.<br \/>\nVous pouvez \u00e9galement utiliser les pr\u00e9f\u00e9rences de votre navigateur pour supprimer tous les cookies que vous avez install\u00e9s dans le pass\u00e9, y compris tous les cookies dans lesquels vous avez enregistr\u00e9 votre consentement \u00e0 l&#8217;installation de cookies par ce site web.<br \/>\nIl est important de noter qu&#8217;en d\u00e9sactivant tous les cookies, le fonctionnement de ce site web peut \u00eatre alt\u00e9r\u00e9.<br \/>\nVous trouverez des informations sur la gestion des cookies dans votre navigateur aux adresses suivantes :<\/p>\n<p>G <a href=\"https:\/\/support.google.com\/chrome\/answer\/95647?hl=it&amp;p=cpn_cookies\" target=\"_blank\" rel=\"noopener\">oogle Chrome<\/a><a href=\"https:\/\/support.mozilla.org\/it\/kb\/Attivare%20e%20disattivare%20i%20cookie?redirectlocale=en-US&amp;redirectslug=Enabling+and+disabling+cookies\" target=\"_blank\" rel=\"noopener\">, Mozilla Firefox<\/a>, <a href=\"https:\/\/support.apple.com\/kb\/PH19214?viewlocale=it_IT&amp;locale=en_US\" target=\"_blank\" rel=\"noopener\">Apple Safari<\/a> et <a href=\"http:\/\/windows.microsoft.com\/it-it\/windows-vista\/block-or-allow-cookies\" target=\"_blank\" rel=\"noopener\">Microsoft Windows Explorer\/Edge<\/a>. Dans le cas de services fournis par des tiers, l&#8217;utilisateur peut \u00e9galement exercer son droit d&#8217;opposition au suivi en s&#8217;informant via la politique de confidentialit\u00e9 du tiers, via le lien d&#8217;exclusion s&#8217;il est explicitement fourni ou en le contactant directement. Sans pr\u00e9judice de ce qui pr\u00e9c\u00e8de, le responsable du traitement des donn\u00e9es informe l&#8217;utilisateur qu&#8217;il peut utiliser le service<a href=\"http:\/\/www.youronlinechoices.com\/\" target=\"_blank\" rel=\"noopener\">Your Online Choices (Vos choix en ligne)<\/a>.<br \/>\nCe service permet de g\u00e9rer les pr\u00e9f\u00e9rences de suivi de la plupart des outils publicitaires.<br \/>\nLe propri\u00e9taire conseille donc aux utilisateurs d&#8217;utiliser cette ressource en plus des informations fournies dans le pr\u00e9sent document.     <\/p>\n<p>C<strong>ontr\u00f4leur des donn\u00e9es<\/strong> AIMA srl &#8211; Via Lavoria 56\/c, &#8211; 56040 Cenaia (PI), info@aima.pisa.it \u00c9tant donn\u00e9 que l&#8217;installation de cookies et d&#8217;autres syst\u00e8mes de suivi exploit\u00e9s par des tiers par le biais des services utilis\u00e9s dans cette application ne peut pas \u00eatre techniquement contr\u00f4l\u00e9e par le contr\u00f4leur des<strong>donn\u00e9es<\/strong>, toute r\u00e9f\u00e9rence sp\u00e9cifique aux cookies et aux syst\u00e8mes de suivi install\u00e9s par des tiers doit \u00eatre consid\u00e9r\u00e9e comme indicative.<br \/>\n<br \/>\u00c9tant donn\u00e9 la complexit\u00e9 objective de l&#8217;identification des technologies bas\u00e9es sur les cookies et leur int\u00e9gration tr\u00e8s \u00e9troite avec le fonctionnement du web, l&#8217;Utilisateur est invit\u00e9 \u00e0 contacter le Propri\u00e9taire s&#8217;il souhaite recevoir de plus amples informations sur l&#8217;utilisation des cookies et sur toute utilisation de ceux-ci &#8211; par exemple par des tiers &#8211; effectu\u00e9e par le biais de ce site. <\/p>\n<p><strong><br \/><\/strong><br \/>D<strong>\u00e9finitions et r\u00e9f\u00e9rences juridiques<\/strong><em>Donn\u00e9es \u00e0<\/em><strong><em>caract\u00e8re personnel (ou donn\u00e9es)<\/em> Les donn\u00e9es \u00e0 caract\u00e8re personnel sont toutes les informations relatives \u00e0 une personne physique identifi\u00e9e ou identifiable, m\u00eame indirectement, par r\u00e9f\u00e9rence \u00e0 toute autre information, y compris un num\u00e9ro d&#8217;identification personnel.<\/strong><\/p>\n<p><em>Donn\u00e9es d&#8217;utilisation<\/em><br \/>Il s&#8217;agit de donn\u00e9es personnelles collect\u00e9es automatiquement par l&#8217;Application (ou par les applications tierces qu&#8217;elle utilise), notamment : les adresses IP ou les noms de domaine des ordinateurs utilis\u00e9s par l&#8217;Utilisateur qui se connecte \u00e0 l&#8217;Application, les adresses de notation URI (Uniform Resource Identifier), l&#8217;heure de la demande, la m\u00e9thode utilis\u00e9e pour soumettre la demande au serveur, la taille du fichier obtenu en r\u00e9ponse, le code num\u00e9rique indiquant l&#8217;\u00e9tat de la r\u00e9ponse du serveur (succ\u00e8s, erreur, etc.), le pays d&#8217;origine, les caract\u00e9ristiques du navigateur et du syst\u00e8me d&#8217;exploitation utilis\u00e9s par le visiteur, les diff\u00e9rentes connotations temporelles de la visite (par exemple, le temps pass\u00e9 sur chaque page) et les d\u00e9tails de l&#8217;itin\u00e9raire suivi par l&#8217;Utilisateur.) le pays d&#8217;origine, les caract\u00e9ristiques du navigateur et du syst\u00e8me d&#8217;exploitation utilis\u00e9s par le visiteur, les diff\u00e9rentes connotations temporelles de la visite (par exemple le temps pass\u00e9 sur chaque page) et les d\u00e9tails de l&#8217;itin\u00e9raire suivi au sein de l&#8217;application, en particulier la s\u00e9quence des pages consult\u00e9es, les param\u00e8tres relatifs au syst\u00e8me d&#8217;exploitation et \u00e0 l&#8217;environnement informatique de l&#8217;utilisateur.<\/p>\n<p>U<em>tilisateur<\/em> La personne qui utilise cette application, qui doit co\u00efncider avec la personne concern\u00e9e ou \u00eatre autoris\u00e9e par elle et dont les donn\u00e9es \u00e0 caract\u00e8re personnel sont trait\u00e9es.<\/p>\n<p>P<em>ersonne concern\u00e9e<\/em> Personne physique ou morale \u00e0 laquelle se r\u00e9f\u00e8rent les donn\u00e9es \u00e0 caract\u00e8re personnel.<\/p>\n<p>C<em>ontr\u00f4leur des donn\u00e9es (ou sous-traitant des donn\u00e9es)<\/em> La personne physique, la personne morale, l&#8217;administration publique et tout autre organisme, association ou organisation charg\u00e9 par le contr\u00f4leur des donn\u00e9es de traiter les donn\u00e9es \u00e0 caract\u00e8re personnel, conform\u00e9ment aux dispositions de la pr\u00e9sente politique de protection de la vie priv\u00e9e.<\/p>\n<p>C<em>ontr\u00f4leur des donn\u00e9es (ou propri\u00e9taire)<\/em> La personne physique, la personne morale, l&#8217;administration publique et tout autre organisme, association ou instance qui est responsable, m\u00eame conjointement avec un autre propri\u00e9taire, de d\u00e9cider des objectifs, des m\u00e9thodes de traitement des donn\u00e9es personnelles et des instruments utilis\u00e9s, y compris le profil de s\u00e9curit\u00e9, en relation avec le fonctionnement et l&#8217;utilisation de cette application.<br \/>\nLe contr\u00f4leur des donn\u00e9es, sauf indication contraire, est le propri\u00e9taire de cette application. <\/p>\n<p>C<em>ette application<\/em> L&#8217;outil mat\u00e9riel ou logiciel par lequel les donn\u00e9es personnelles des utilisateurs sont collect\u00e9es.<\/p>\n<p>C<em>ookie<\/em> Petit \u00e9l\u00e9ment de donn\u00e9es stock\u00e9 sur l&#8217;appareil de l&#8217;utilisateur.<\/p>\n<div align=\"center\">\n<hr align=\"center\" size=\"2\" width=\"100%\"><\/div>\n<p>R<strong>\u00e9f\u00e9rences l\u00e9gales<\/strong> Avis aux utilisateurs europ\u00e9ens : Cette politique de confidentialit\u00e9 est \u00e9labor\u00e9e en conformit\u00e9 avec les obligations \u00e9nonc\u00e9es \u00e0 l&#8217;art.<br \/>\n10 de la Directive no.<br \/>\n<br \/>95\/46\/CE, ainsi qu&#8217;aux dispositions de la Directive 2002\/58\/CE, mise \u00e0 jour par la Directive 2009\/136\/CE, en mati\u00e8re de Cookies. Cette politique de confidentialit\u00e9 se rapporte exclusivement \u00e0 cette Application.  <\/p>\n\t\t\t\t\t\t<\/div>\n\t\t\t\t<\/div>\n\t\t\t\t\t<\/div>\n\t\t<\/div>\n\t\t\t\t\t<\/div>\n\t\t<\/section>\n\t\t\t\t<\/div>\n\t\t","protected":false},"excerpt":{"rendered":"<p>Politique en mati\u00e8re de cookies et de protection de la vie priv\u00e9e Politique en mati\u00e8re de cookies Les cookies sont des portions de code install\u00e9es dans le navigateur qui aident le contr\u00f4leur des donn\u00e9es \u00e0 fournir le service aux fins d\u00e9crites. Certaines des finalit\u00e9s pour lesquelles les cookies sont install\u00e9s peuvent \u00e9galement n\u00e9cessiter le consentement [&hellip;]<\/p>\n","protected":false},"author":1,"featured_media":0,"parent":0,"menu_order":0,"comment_status":"closed","ping_status":"closed","template":"elementor_header_footer","meta":{"om_disable_all_campaigns":false,"_monsterinsights_skip_tracking":false,"_monsterinsights_sitenote_active":false,"_monsterinsights_sitenote_note":"","_monsterinsights_sitenote_category":0,"site-sidebar-layout":"no-sidebar","site-content-layout":"page-builder","ast-site-content-layout":"","site-content-style":"default","site-sidebar-style":"default","ast-global-header-display":"","ast-banner-title-visibility":"","ast-main-header-display":"","ast-hfb-above-header-display":"","ast-hfb-below-header-display":"","ast-hfb-mobile-header-display":"","site-post-title":"disabled","ast-breadcrumbs-content":"","ast-featured-img":"disabled","footer-sml-layout":"","theme-transparent-header-meta":"","adv-header-id-meta":"","stick-header-meta":"","header-above-stick-meta":"","header-main-stick-meta":"","header-below-stick-meta":"","astra-migrate-meta-layouts":"default","ast-page-background-enabled":"default","ast-page-background-meta":{"desktop":{"background-color":"var(--ast-global-color-4)","background-image":"","background-repeat":"repeat","background-position":"center center","background-size":"auto","background-attachment":"scroll","background-type":"","background-media":"","overlay-type":"","overlay-color":"","overlay-opacity":"","overlay-gradient":""},"tablet":{"background-color":"","background-image":"","background-repeat":"repeat","background-position":"center center","background-size":"auto","background-attachment":"scroll","background-type":"","background-media":"","overlay-type":"","overlay-color":"","overlay-opacity":"","overlay-gradient":""},"mobile":{"background-color":"","background-image":"","background-repeat":"repeat","background-position":"center center","background-size":"auto","background-attachment":"scroll","background-type":"","background-media":"","overlay-type":"","overlay-color":"","overlay-opacity":"","overlay-gradient":""}},"ast-content-background-meta":{"desktop":{"background-color":"var(--ast-global-color-5)","background-image":"","background-repeat":"repeat","background-position":"center center","background-size":"auto","background-attachment":"scroll","background-type":"","background-media":"","overlay-type":"","overlay-color":"","overlay-opacity":"","overlay-gradient":""},"tablet":{"background-color":"var(--ast-global-color-5)","background-image":"","background-repeat":"repeat","background-position":"center center","background-size":"auto","background-attachment":"scroll","background-type":"","background-media":"","overlay-type":"","overlay-color":"","overlay-opacity":"","overlay-gradient":""},"mobile":{"background-color":"var(--ast-global-color-5)","background-image":"","background-repeat":"repeat","background-position":"center center","background-size":"auto","background-attachment":"scroll","background-type":"","background-media":"","overlay-type":"","overlay-color":"","overlay-opacity":"","overlay-gradient":""}},"yasr_overall_rating":0,"yasr_post_is_review":"","yasr_auto_insert_disabled":"","yasr_review_type":"","footnotes":""},"class_list":["post-8375","page","type-page","status-publish","hentry"],"aioseo_notices":[],"yasr_visitor_votes":{"stars_attributes":{"read_only":false,"span_bottom":false},"number_of_votes":0,"sum_votes":0},"_links":{"self":[{"href":"https:\/\/aima.pisa.it\/fr\/wp-json\/wp\/v2\/pages\/8375"}],"collection":[{"href":"https:\/\/aima.pisa.it\/fr\/wp-json\/wp\/v2\/pages"}],"about":[{"href":"https:\/\/aima.pisa.it\/fr\/wp-json\/wp\/v2\/types\/page"}],"author":[{"embeddable":true,"href":"https:\/\/aima.pisa.it\/fr\/wp-json\/wp\/v2\/users\/1"}],"replies":[{"embeddable":true,"href":"https:\/\/aima.pisa.it\/fr\/wp-json\/wp\/v2\/comments?post=8375"}],"version-history":[{"count":2,"href":"https:\/\/aima.pisa.it\/fr\/wp-json\/wp\/v2\/pages\/8375\/revisions"}],"predecessor-version":[{"id":16147,"href":"https:\/\/aima.pisa.it\/fr\/wp-json\/wp\/v2\/pages\/8375\/revisions\/16147"}],"wp:attachment":[{"href":"https:\/\/aima.pisa.it\/fr\/wp-json\/wp\/v2\/media?parent=8375"}],"curies":[{"name":"wp","href":"https:\/\/api.w.org\/{rel}","templated":true}]}}