{"id":8377,"date":"2022-08-03T11:10:50","date_gmt":"2022-08-03T09:10:50","guid":{"rendered":"http:\/\/aima.pisa.it\/politica-de-privacidade-e-de-cookies\/"},"modified":"2024-09-02T10:10:25","modified_gmt":"2024-09-02T08:10:25","slug":"politica-de-privacidade-e-de-cookies","status":"publish","type":"page","link":"https:\/\/aima.pisa.it\/pt-pt\/politica-de-privacidade-e-de-cookies\/","title":{"rendered":"Pol\u00edtica de privacidade e de cookies"},"content":{"rendered":"\t\t<div data-elementor-type=\"wp-page\" data-elementor-id=\"8377\" class=\"elementor elementor-8377 elementor-970\" data-elementor-post-type=\"page\">\n\t\t\t\t\t\t<section class=\"elementor-section elementor-top-section elementor-element elementor-element-fbeb54f elementor-section-boxed elementor-section-height-default elementor-section-height-default\" data-id=\"fbeb54f\" data-element_type=\"section\">\n\t\t\t\t\t\t<div class=\"elementor-container elementor-column-gap-default\">\n\t\t\t\t\t<div class=\"elementor-column elementor-col-100 elementor-top-column elementor-element elementor-element-1ad021d\" data-id=\"1ad021d\" data-element_type=\"column\">\n\t\t\t<div class=\"elementor-widget-wrap elementor-element-populated\">\n\t\t\t\t\t\t<div class=\"elementor-element elementor-element-974b5ad elementor-widget elementor-widget-text-editor\" data-id=\"974b5ad\" data-element_type=\"widget\" data-widget_type=\"text-editor.default\">\n\t\t\t\t<div class=\"elementor-widget-container\">\n\t\t\t<style>\/*! elementor - v3.23.0 - 25-07-2024 *\/\n.elementor-widget-text-editor.elementor-drop-cap-view-stacked .elementor-drop-cap{background-color:#69727d;color:#fff}.elementor-widget-text-editor.elementor-drop-cap-view-framed .elementor-drop-cap{color:#69727d;border:3px solid;background-color:transparent}.elementor-widget-text-editor:not(.elementor-drop-cap-view-default) .elementor-drop-cap{margin-top:8px}.elementor-widget-text-editor:not(.elementor-drop-cap-view-default) .elementor-drop-cap-letter{width:1em;height:1em}.elementor-widget-text-editor .elementor-drop-cap{float:left;text-align:center;line-height:1;font-size:50px}.elementor-widget-text-editor .elementor-drop-cap-letter{display:inline-block}<\/style>\t\t\t\t<p><span style=\"color: #ff0000; font-size: 20px;\"><strong>Pol\u00edtica de cookies e de privacidade<\/strong><\/span><\/p>\n<p>P<strong>ol\u00edtica de cookies<\/strong> Os cookies s\u00e3o partes de c\u00f3digo instaladas no interior do browser que ajudam o Controlador de Dados a fornecer o servi\u00e7o para os fins descritos.<br \/>\nAlgumas das finalidades para as quais os Cookies s\u00e3o instalados podem tamb\u00e9m exigir o consentimento do Utilizador. <\/p>\n<p>C<strong>ookies de estat\u00edsticas t\u00e9cnicas e agregadas<\/strong> Actividades estritamente necess\u00e1rias ao funcionamento Esta Aplica\u00e7\u00e3o utiliza cookies para guardar a sess\u00e3o do Utilizador e para realizar outras actividades estritamente necess\u00e1rias ao funcionamento da mesma, por exemplo, em rela\u00e7\u00e3o \u00e0 distribui\u00e7\u00e3o do tr\u00e1fego.<\/p>\n<p>Guardar prefer\u00eancias, otimiza\u00e7\u00e3o e estat\u00edsticas Esta Aplica\u00e7\u00e3o utiliza Cookies para guardar as prefer\u00eancias de navega\u00e7\u00e3o e otimizar a experi\u00eancia de navega\u00e7\u00e3o do Utilizador.<br \/>\nEstes Cookies incluem, por exemplo, aqueles para definir a l\u00edngua e a moeda ou para a gest\u00e3o de estat\u00edsticas pelo Propriet\u00e1rio do S\u00edtio. <\/p>\n<p>O<strong>utros tipos de Cookies ou ferramentas de terceiros que podem fazer uso deles<\/strong> Alguns dos servi\u00e7os listados abaixo podem n\u00e3o exigir o consentimento do Utilizador ou podem ser geridos diretamente pelo Propriet\u00e1rio &#8211; dependendo do que \u00e9 descrito &#8211; sem a ajuda de terceiros. Se as ferramentas listadas abaixo inclu\u00edrem servi\u00e7os geridos por terceiros, estes podem &#8211; al\u00e9m do que \u00e9 especificado e tamb\u00e9m sem o conhecimento do Propriet\u00e1rio &#8211; realizar actividades de rastreamento sobre o Utilizador.<br \/>\nPara informa\u00e7\u00f5es detalhadas sobre isto, consulta as pol\u00edticas de privacidade dos pr\u00f3prios servi\u00e7os. <\/p>\n<p><strong>Como posso controlar a instala\u00e7\u00e3o de cookies?<\/strong><br \/>Para al\u00e9m do que est\u00e1 indicado neste documento, podes gerir as tuas prefer\u00eancias de Cookies diretamente no teu browser e impedir &#8211; por exemplo &#8211; que terceiros instalem Cookies.<br \/>\nPodes tamb\u00e9m utilizar as prefer\u00eancias do teu browser para apagar os cookies que instalaste no passado, incluindo quaisquer cookies em que tenhas guardado o teu consentimento para a instala\u00e7\u00e3o de cookies por este website.<br \/>\n\u00c9 importante notar que, ao desativar todos os cookies, o funcionamento deste s\u00edtio Web pode ser prejudicado.<br \/>\nPodes encontrar informa\u00e7\u00f5es sobre como gerir os cookies no teu browser nos seguintes endere\u00e7os:<\/p>\n<p>G <a href=\"https:\/\/support.google.com\/chrome\/answer\/95647?hl=it&amp;p=cpn_cookies\" target=\"_blank\" rel=\"noopener\">oogle Chrome<\/a><a href=\"https:\/\/support.mozilla.org\/it\/kb\/Attivare%20e%20disattivare%20i%20cookie?redirectlocale=en-US&amp;redirectslug=Enabling+and+disabling+cookies\" target=\"_blank\" rel=\"noopener\">,Mozilla Firefox<\/a>, <a href=\"https:\/\/support.apple.com\/kb\/PH19214?viewlocale=it_IT&amp;locale=en_US\" target=\"_blank\" rel=\"noopener\">Apple Safari<\/a> e <a href=\"http:\/\/windows.microsoft.com\/it-it\/windows-vista\/block-or-allow-cookies\" target=\"_blank\" rel=\"noopener\">Microsoft Windows Explorer\/Edge<\/a>. No caso de servi\u00e7os prestados por terceiros, o Utilizador pode tamb\u00e9m exercer o seu direito de se opor ao rastreio, informando-se atrav\u00e9s da pol\u00edtica de privacidade do terceiro, atrav\u00e9s da liga\u00e7\u00e3o de exclus\u00e3o, se esta for explicitamente fornecida, ou contactando diretamente o mesmo. Sem preju\u00edzo do que precede, o Respons\u00e1vel pelo Tratamento de Dados informa o Utilizador de que pode fazer uso das<a href=\"http:\/\/www.youronlinechoices.com\/\" target=\"_blank\" rel=\"noopener\">Suas Escolhas Online<\/a>.<br \/>\nAtrav\u00e9s deste servi\u00e7o \u00e9 poss\u00edvel gerir as prefer\u00eancias de rastreamento da maioria das ferramentas de publicidade.<br \/>\nO Titular, portanto, aconselha os Utilizadores a utilizarem este recurso para al\u00e9m das informa\u00e7\u00f5es aqui fornecidas.     <\/p>\n<p>T<strong>itular do tratamento<\/strong> AIMA srl &#8211; Via Lavoria 56\/c, &#8211; 56040 Cenaia (PI), info@aima.pisa.it Dado que a instala\u00e7\u00e3o de Cookies e de outros sistemas de rastreamento operados por terceiros atrav\u00e9s dos servi\u00e7os utilizados nesta Aplica\u00e7\u00e3o n\u00e3o pode ser tecnicamente controlada pelo Titular, qualquer refer\u00eancia espec\u00edfica a Cookies e sistemas de rastreamento instalados por terceiros deve ser considerada indicativa.<br \/>\n<br \/>Dada a complexidade objetiva da identifica\u00e7\u00e3o de tecnologias baseadas em Cookies e a sua integra\u00e7\u00e3o muito pr\u00f3xima com o funcionamento da Web, o Utilizador \u00e9 convidado a contactar o Propriet\u00e1rio se desejar receber mais informa\u00e7\u00f5es sobre a utiliza\u00e7\u00e3o de Cookies e qualquer utiliza\u00e7\u00e3o dos mesmos &#8211; por exemplo, por terceiros &#8211; realizada atrav\u00e9s deste site. <\/p>\n<p><strong><br \/><\/strong><br \/>D<strong>efini\u00e7\u00f5es e refer\u00eancias legais<\/strong> Dados <strong><em>Pessoais (ou Dados)<\/em> Dados pessoais s\u00e3o qualquer informa\u00e7\u00e3o relativa a uma pessoa singular identificada ou identific\u00e1vel, mesmo indiretamente, por refer\u00eancia a qualquer outra informa\u00e7\u00e3o, incluindo um n\u00famero de identifica\u00e7\u00e3o pessoal.<\/strong><\/p>\n<p><em>Dados de utiliza\u00e7\u00e3o<\/em><br \/>Trata-se de dados pessoais recolhidos automaticamente pela Aplica\u00e7\u00e3o (ou pelas aplica\u00e7\u00f5es de terceiros que esta utiliza), incluindo: endere\u00e7os IP ou nomes de dom\u00ednio dos computadores utilizados pelo Utilizador que se liga \u00e0 Aplica\u00e7\u00e3o, endere\u00e7os de nota\u00e7\u00e3o URI (Uniform Resource Identifier), a hora do pedido, o m\u00e9todo utilizado para submeter o pedido ao servidor, o tamanho do ficheiro obtido em resposta, o c\u00f3digo num\u00e9rico que indica o estado da resposta do servidor (sucesso, erro, etc.), o pa\u00eds de origem, as caracter\u00edsticas do navegador e do sistema operativo utilizados pelo visitante, as v\u00e1rias conota\u00e7\u00f5es temporais da visita (por exemplo, o tempo passado em cada p\u00e1gina) e os detalhes do itiner\u00e1rio seguido pelo Utilizador.O Utilizador pode, por exemplo, consultar a aplica\u00e7\u00e3o (por exemplo, o seu nome, o seu endere\u00e7o, a sua morada, o seu pa\u00eds de origem, as caracter\u00edsticas do programa de navega\u00e7\u00e3o e do sistema operativo utilizados pelo visitante, as v\u00e1rias conota\u00e7\u00f5es temporais da visita (por exemplo, o tempo passado em cada p\u00e1gina) e os pormenores do itiner\u00e1rio seguido na aplica\u00e7\u00e3o, com especial refer\u00eancia \u00e0 sequ\u00eancia das p\u00e1ginas consultadas, os par\u00e2metros relativos ao sistema operativo e ao ambiente inform\u00e1tico do Utilizador.<\/p>\n<p>U<em>tilizador<\/em> A pessoa que utiliza esta Aplica\u00e7\u00e3o, que deve coincidir com o Titular dos Dados ou ser autorizada por este e cujos Dados Pessoais est\u00e3o a ser processados.<\/p>\n<p>T<em>itular<\/em> dos dados A pessoa singular ou colectiva a quem os dados pessoais se referem.<\/p>\n<p>C<em>ontrolador de Dados (ou Processador de Dados)<\/em> A pessoa singular, entidade jur\u00eddica, administra\u00e7\u00e3o p\u00fablica e qualquer outro organismo, associa\u00e7\u00e3o ou organiza\u00e7\u00e3o encarregada pelo Controlador de Dados do processamento de Dados Pessoais, de acordo com as disposi\u00e7\u00f5es desta pol\u00edtica de privacidade.<\/p>\n<p>C<em>ontrolador de Dados (ou Propriet\u00e1rio)<\/em> A pessoa singular, pessoa colectiva, administra\u00e7\u00e3o p\u00fablica e qualquer outro organismo, associa\u00e7\u00e3o ou \u00f3rg\u00e3o respons\u00e1vel, tamb\u00e9m em conjunto com outro propriet\u00e1rio, por decidir as finalidades, os m\u00e9todos de tratamento de dados pessoais e os instrumentos utilizados, incluindo o perfil de seguran\u00e7a, em rela\u00e7\u00e3o ao funcionamento e utiliza\u00e7\u00e3o desta Aplica\u00e7\u00e3o.<br \/>\nO Controlador de Dados, salvo indica\u00e7\u00e3o em contr\u00e1rio, \u00e9 o propriet\u00e1rio desta Aplica\u00e7\u00e3o. <\/p>\n<p>E<em>sta Aplica\u00e7\u00e3o<\/em> A ferramenta de hardware ou software atrav\u00e9s da qual os Dados Pessoais dos Utilizadores s\u00e3o recolhidos.<\/p>\n<p>C<em>ookie<\/em> Pequeno peda\u00e7o de dados armazenado no dispositivo do utilizador.<\/p>\n<div align=\"center\">\n<hr align=\"center\" size=\"2\" width=\"100%\"><\/div>\n<p>R<strong>efer\u00eancias legais<\/strong> Aviso aos utilizadores europeus: Esta pol\u00edtica de privacidade \u00e9 elaborada em cumprimento das obriga\u00e7\u00f5es estabelecidas no Art.<br \/>\n10 da Diretiva n.<br \/>\n<br \/>95\/46\/CE, bem como com as disposi\u00e7\u00f5es da Diretiva 2002\/58\/CE, actualizada pela Diretiva 2009\/136\/CE, relativa aos cookies. Esta pol\u00edtica de privacidade refere-se exclusivamente a esta Aplica\u00e7\u00e3o.  <\/p>\n\t\t\t\t\t\t<\/div>\n\t\t\t\t<\/div>\n\t\t\t\t\t<\/div>\n\t\t<\/div>\n\t\t\t\t\t<\/div>\n\t\t<\/section>\n\t\t\t\t<\/div>\n\t\t","protected":false},"excerpt":{"rendered":"<p>Pol\u00edtica de cookies e de privacidade Pol\u00edtica de cookies Os cookies s\u00e3o partes de c\u00f3digo instaladas no interior do browser que ajudam o Controlador de Dados a fornecer o servi\u00e7o para os fins descritos. Algumas das finalidades para as quais os Cookies s\u00e3o instalados podem tamb\u00e9m exigir o consentimento do Utilizador. Cookies de estat\u00edsticas t\u00e9cnicas [&hellip;]<\/p>\n","protected":false},"author":1,"featured_media":0,"parent":0,"menu_order":0,"comment_status":"closed","ping_status":"closed","template":"elementor_header_footer","meta":{"om_disable_all_campaigns":false,"_monsterinsights_skip_tracking":false,"_monsterinsights_sitenote_active":false,"_monsterinsights_sitenote_note":"","_monsterinsights_sitenote_category":0,"site-sidebar-layout":"no-sidebar","site-content-layout":"page-builder","ast-site-content-layout":"","site-content-style":"default","site-sidebar-style":"default","ast-global-header-display":"","ast-banner-title-visibility":"","ast-main-header-display":"","ast-hfb-above-header-display":"","ast-hfb-below-header-display":"","ast-hfb-mobile-header-display":"","site-post-title":"disabled","ast-breadcrumbs-content":"","ast-featured-img":"disabled","footer-sml-layout":"","theme-transparent-header-meta":"","adv-header-id-meta":"","stick-header-meta":"","header-above-stick-meta":"","header-main-stick-meta":"","header-below-stick-meta":"","astra-migrate-meta-layouts":"default","ast-page-background-enabled":"default","ast-page-background-meta":{"desktop":{"background-color":"var(--ast-global-color-4)","background-image":"","background-repeat":"repeat","background-position":"center center","background-size":"auto","background-attachment":"scroll","background-type":"","background-media":"","overlay-type":"","overlay-color":"","overlay-opacity":"","overlay-gradient":""},"tablet":{"background-color":"","background-image":"","background-repeat":"repeat","background-position":"center center","background-size":"auto","background-attachment":"scroll","background-type":"","background-media":"","overlay-type":"","overlay-color":"","overlay-opacity":"","overlay-gradient":""},"mobile":{"background-color":"","background-image":"","background-repeat":"repeat","background-position":"center center","background-size":"auto","background-attachment":"scroll","background-type":"","background-media":"","overlay-type":"","overlay-color":"","overlay-opacity":"","overlay-gradient":""}},"ast-content-background-meta":{"desktop":{"background-color":"var(--ast-global-color-5)","background-image":"","background-repeat":"repeat","background-position":"center center","background-size":"auto","background-attachment":"scroll","background-type":"","background-media":"","overlay-type":"","overlay-color":"","overlay-opacity":"","overlay-gradient":""},"tablet":{"background-color":"var(--ast-global-color-5)","background-image":"","background-repeat":"repeat","background-position":"center center","background-size":"auto","background-attachment":"scroll","background-type":"","background-media":"","overlay-type":"","overlay-color":"","overlay-opacity":"","overlay-gradient":""},"mobile":{"background-color":"var(--ast-global-color-5)","background-image":"","background-repeat":"repeat","background-position":"center center","background-size":"auto","background-attachment":"scroll","background-type":"","background-media":"","overlay-type":"","overlay-color":"","overlay-opacity":"","overlay-gradient":""}},"yasr_overall_rating":0,"yasr_post_is_review":"","yasr_auto_insert_disabled":"","yasr_review_type":"","footnotes":""},"class_list":["post-8377","page","type-page","status-publish","hentry"],"aioseo_notices":[],"yasr_visitor_votes":{"stars_attributes":{"read_only":false,"span_bottom":false},"number_of_votes":0,"sum_votes":0},"_links":{"self":[{"href":"https:\/\/aima.pisa.it\/pt-pt\/wp-json\/wp\/v2\/pages\/8377"}],"collection":[{"href":"https:\/\/aima.pisa.it\/pt-pt\/wp-json\/wp\/v2\/pages"}],"about":[{"href":"https:\/\/aima.pisa.it\/pt-pt\/wp-json\/wp\/v2\/types\/page"}],"author":[{"embeddable":true,"href":"https:\/\/aima.pisa.it\/pt-pt\/wp-json\/wp\/v2\/users\/1"}],"replies":[{"embeddable":true,"href":"https:\/\/aima.pisa.it\/pt-pt\/wp-json\/wp\/v2\/comments?post=8377"}],"version-history":[{"count":2,"href":"https:\/\/aima.pisa.it\/pt-pt\/wp-json\/wp\/v2\/pages\/8377\/revisions"}],"predecessor-version":[{"id":16149,"href":"https:\/\/aima.pisa.it\/pt-pt\/wp-json\/wp\/v2\/pages\/8377\/revisions\/16149"}],"wp:attachment":[{"href":"https:\/\/aima.pisa.it\/pt-pt\/wp-json\/wp\/v2\/media?parent=8377"}],"curies":[{"name":"wp","href":"https:\/\/api.w.org\/{rel}","templated":true}]}}