{"id":8382,"date":"2022-08-03T11:10:50","date_gmt":"2022-08-03T09:10:50","guid":{"rendered":"http:\/\/aima.pisa.it\/gizlilik-ve-cerez-politikasi\/"},"modified":"2024-09-02T10:12:50","modified_gmt":"2024-09-02T08:12:50","slug":"gizlilik-ve-cerez-politikasi","status":"publish","type":"page","link":"https:\/\/aima.pisa.it\/tr\/gizlilik-ve-cerez-politikasi\/","title":{"rendered":"Gizlilik ve \u00c7erez Politikas\u0131"},"content":{"rendered":"\t\t<div data-elementor-type=\"wp-page\" data-elementor-id=\"8382\" class=\"elementor elementor-8382 elementor-970\" data-elementor-post-type=\"page\">\n\t\t\t\t\t\t<section class=\"elementor-section elementor-top-section elementor-element elementor-element-fbeb54f elementor-section-boxed elementor-section-height-default elementor-section-height-default\" data-id=\"fbeb54f\" data-element_type=\"section\">\n\t\t\t\t\t\t<div class=\"elementor-container elementor-column-gap-default\">\n\t\t\t\t\t<div class=\"elementor-column elementor-col-100 elementor-top-column elementor-element elementor-element-1ad021d\" data-id=\"1ad021d\" data-element_type=\"column\">\n\t\t\t<div class=\"elementor-widget-wrap elementor-element-populated\">\n\t\t\t\t\t\t<div class=\"elementor-element elementor-element-974b5ad elementor-widget elementor-widget-text-editor\" data-id=\"974b5ad\" data-element_type=\"widget\" data-widget_type=\"text-editor.default\">\n\t\t\t\t<div class=\"elementor-widget-container\">\n\t\t\t<style>\/*! elementor - v3.23.0 - 25-07-2024 *\/\n.elementor-widget-text-editor.elementor-drop-cap-view-stacked .elementor-drop-cap{background-color:#69727d;color:#fff}.elementor-widget-text-editor.elementor-drop-cap-view-framed .elementor-drop-cap{color:#69727d;border:3px solid;background-color:transparent}.elementor-widget-text-editor:not(.elementor-drop-cap-view-default) .elementor-drop-cap{margin-top:8px}.elementor-widget-text-editor:not(.elementor-drop-cap-view-default) .elementor-drop-cap-letter{width:1em;height:1em}.elementor-widget-text-editor .elementor-drop-cap{float:left;text-align:center;line-height:1;font-size:50px}.elementor-widget-text-editor .elementor-drop-cap-letter{display:inline-block}<\/style>\t\t\t\t<p><span style=\"color: #ff0000; font-size: 20px;\"><strong>\u00c7erez ve Gizlilik Politikas\u0131<\/strong><\/span><\/p>\n<p>\u00c7erez <strong>Politikas\u0131<\/strong> \u00c7erezler, taray\u0131c\u0131n\u0131n i\u00e7ine y\u00fcklenen ve Veri Denetleyicisinin a\u00e7\u0131klanan ama\u00e7lar do\u011frultusunda hizmet sa\u011flamas\u0131na yard\u0131mc\u0131 olan kod b\u00f6l\u00fcmleridir.<br \/>\n\u00c7erezlerin y\u00fcklenme ama\u00e7lar\u0131ndan baz\u0131lar\u0131 Kullan\u0131c\u0131n\u0131n onay\u0131n\u0131 da gerektirebilir. <\/p>\n<p>T<strong>eknik ve toplu istatistik \u00e7erezleri<\/strong> Operasyon i\u00e7in kesinlikle gerekli faaliyetler Bu Uygulama, Kullan\u0131c\u0131n\u0131n oturumunu kaydetmek ve \u00f6rne\u011fin trafik da\u011f\u0131t\u0131m\u0131 ile ilgili olarak ayn\u0131 \u015fekilde \u00e7al\u0131\u015fmas\u0131 i\u00e7in kesinlikle gerekli di\u011fer faaliyetleri ger\u00e7ekle\u015ftirmek i\u00e7in \u00e7erezler kullan\u0131r.<\/p>\n<p>Tercihlerin kaydedilmesi, optimizasyon ve istatistikler Bu Uygulama, navigasyon tercihlerini kaydetmek ve Kullan\u0131c\u0131n\u0131n tarama deneyimini optimize etmek i\u00e7in \u00c7erezler kullan\u0131r.<br \/>\nBu \u00c7erezler, \u00f6rne\u011fin, dil ve para birimini ayarlamak veya Site Sahibi taraf\u0131ndan istatistik y\u00f6netimi i\u00e7in olanlar\u0131 i\u00e7erir. <\/p>\n<p>D<strong>i\u011fer \u00c7erez t\u00fcrleri veya bunlar\u0131 kullanabilecek \u00fc\u00e7\u00fcnc\u00fc taraf ara\u00e7lar\u0131<\/strong> A\u015fa\u011f\u0131da listelenen hizmetlerden baz\u0131lar\u0131 Kullan\u0131c\u0131n\u0131n onay\u0131n\u0131 gerektirmeyebilir veya \u00fc\u00e7\u00fcnc\u00fc taraflar\u0131n yard\u0131m\u0131 olmadan &#8211; a\u00e7\u0131klananlara ba\u011fl\u0131 olarak &#8211; do\u011frudan Sahibi taraf\u0131ndan y\u00f6netilebilir. A\u015fa\u011f\u0131da listelenen ara\u00e7lar \u00fc\u00e7\u00fcnc\u00fc taraflarca y\u00f6netilen hizmetleri i\u00e7eriyorsa, bunlar &#8211; belirtilenlere ek olarak ve ayr\u0131ca Sahibinin bilgisi olmadan &#8211; Kullan\u0131c\u0131 \u00fczerinde izleme faaliyetleri ger\u00e7ekle\u015ftirebilir.<br \/>\nBu konuda ayr\u0131nt\u0131l\u0131 bilgi i\u00e7in l\u00fctfen hizmetlerin kendi gizlilik politikalar\u0131na bak\u0131n. <\/p>\n<p><strong>\u00c7erezlerin y\u00fcklenmesini nas\u0131l kontrol edebilirim?<\/strong><br \/>Bu belgede belirtilenlere ek olarak, \u00c7erez tercihlerinizi do\u011frudan taray\u0131c\u0131n\u0131zdan y\u00f6netebilir ve \u00f6rne\u011fin \u00fc\u00e7\u00fcnc\u00fc taraflar\u0131n \u00c7erez y\u00fcklemesini engelleyebilirsiniz.<br \/>\nTaray\u0131c\u0131 tercihlerinizi, bu web sitesi taraf\u0131ndan \u00c7erezlerin y\u00fcklenmesine ili\u015fkin onay\u0131n\u0131z\u0131 kaydetmi\u015f olabilece\u011finiz \u00c7erez de dahil olmak \u00fczere, \u00f6nceden y\u00fcklenmi\u015f \u00c7erezleri silmek i\u00e7in de kullanabilirsiniz.<br \/>\nT\u00fcm \u00c7erezleri devre d\u0131\u015f\u0131 b\u0131rakt\u0131\u011f\u0131n\u0131zda, bu web sitesinin \u00e7al\u0131\u015fmas\u0131n\u0131n bozulabilece\u011fini unutmamak \u00f6nemlidir.<br \/>\nTaray\u0131c\u0131n\u0131zda \u00e7erezleri nas\u0131l y\u00f6netece\u011finize ili\u015fkin bilgileri a\u015fa\u011f\u0131daki adreslerde bulabilirsiniz:<\/p>\n<p>G <a href=\"https:\/\/support.google.com\/chrome\/answer\/95647?hl=it&amp;p=cpn_cookies\" target=\"_blank\" rel=\"noopener\">oogle Chrome<\/a><a href=\"https:\/\/support.mozilla.org\/it\/kb\/Attivare%20e%20disattivare%20i%20cookie?redirectlocale=en-US&amp;redirectslug=Enabling+and+disabling+cookies\" target=\"_blank\" rel=\"noopener\">, Mozilla Firefox<\/a>, <a href=\"https:\/\/support.apple.com\/kb\/PH19214?viewlocale=it_IT&amp;locale=en_US\" target=\"_blank\" rel=\"noopener\">Apple Safari<\/a> ve <a href=\"http:\/\/windows.microsoft.com\/it-it\/windows-vista\/block-or-allow-cookies\" target=\"_blank\" rel=\"noopener\">Microsoft Windows Explorer\/Edge<\/a>. \u00dc\u00e7\u00fcnc\u00fc taraflarca sa\u011flanan hizmetler s\u00f6z konusu oldu\u011funda, Kullan\u0131c\u0131 ayr\u0131ca \u00fc\u00e7\u00fcnc\u00fc taraf\u0131n gizlilik politikas\u0131 arac\u0131l\u0131\u011f\u0131yla, a\u00e7\u0131k\u00e7a sa\u011flanm\u0131\u015fsa devre d\u0131\u015f\u0131 b\u0131rakma ba\u011flant\u0131s\u0131 arac\u0131l\u0131\u011f\u0131yla veya do\u011frudan \u00fc\u00e7\u00fcnc\u00fc tarafla ileti\u015fime ge\u00e7erek kendisini bilgilendirerek izlemeye kar\u015f\u0131 \u00e7\u0131kma hakk\u0131n\u0131 kullanabilir. Yukar\u0131da belirtilenlere halel getirmeksizin, Veri Denetleyicisi Kullan\u0131c\u0131y\u0131<a href=\"http:\/\/www.youronlinechoices.com\/\" target=\"_blank\" rel=\"noopener\">\u00c7evrimi\u00e7i Se\u00e7imlerinizden<\/a> yararlanabilece\u011fi konusunda bilgilendirir.<br \/>\nBu hizmet arac\u0131l\u0131\u011f\u0131yla \u00e7o\u011fu reklam arac\u0131n\u0131n izleme tercihlerini y\u00f6netmek m\u00fcmk\u00fcnd\u00fcr.<br \/>\nBu nedenle Sahibi, Kullan\u0131c\u0131lara burada sa\u011flanan bilgilere ek olarak bu kayna\u011f\u0131 kullanmalar\u0131n\u0131 tavsiye eder.     <\/p>\n<p>V<strong>eri Kontrol\u00f6r\u00fc<\/strong> AIMA srl &#8211; Via Lavoria 56\/c, &#8211; 56040 Cenaia (PI), info@aima.pisa.it Bu Uygulamada kullan\u0131lan hizmetler arac\u0131l\u0131\u011f\u0131yla \u00fc\u00e7\u00fcnc\u00fc taraflarca i\u015fletilen \u00c7erezlerin ve di\u011fer izleme sistemlerinin kurulumu<strong>Veri<\/strong> Kontrol\u00f6r\u00fc taraf\u0131ndan teknik olarak kontrol edilemedi\u011finden, \u00fc\u00e7\u00fcnc\u00fc taraflarca kurulan \u00c7erezlere ve izleme sistemlerine yap\u0131lan her t\u00fcrl\u00fc \u00f6zel at\u0131f g\u00f6sterge niteli\u011finde kabul edilecektir.<br \/>\n<br \/>Tam bilgi edinmek i\u00e7in l\u00fctfen \u00fc\u00e7\u00fcnc\u00fc taraf hizmetlerinin gizlilik politikas\u0131na ba\u015fvurun. \u00c7erezlere dayal\u0131 teknolojilerin tan\u0131mlanmas\u0131n\u0131n nesnel karma\u015f\u0131kl\u0131\u011f\u0131 ve web&#8217;in i\u015fleyi\u015fiyle \u00e7ok yak\u0131n entegrasyonu g\u00f6z \u00f6n\u00fcne al\u0131nd\u0131\u011f\u0131nda, Kullan\u0131c\u0131, \u00c7erezlerin kullan\u0131m\u0131 ve bunlar\u0131n &#8211; \u00f6rne\u011fin \u00fc\u00e7\u00fcnc\u00fc taraflarca &#8211; bu site arac\u0131l\u0131\u011f\u0131yla ger\u00e7ekle\u015ftirilen herhangi bir kullan\u0131m\u0131 hakk\u0131nda daha fazla bilgi almak isterse, Sahibiyle ileti\u015fime ge\u00e7meye davet edilir. <\/p>\n<p><strong><br \/><\/strong><br \/>T<strong>an\u0131mlar ve yasal referanslar<\/strong><strong><em>Ki\u015fisel Veriler (veya Veriler)<\/em> Ki\u015fisel veriler, ki\u015fisel kimlik numaras\u0131 da dahil olmak \u00fczere ba\u015fka herhangi bir bilgiye at\u0131fta bulunularak dolayl\u0131 da olsa tan\u0131mlanan veya tan\u0131mlanabilen ger\u00e7ek bir ki\u015fiye ili\u015fkin her t\u00fcrl\u00fc bilgidir.<\/strong><\/p>\n<p><em>Kullan\u0131m Verileri<\/em><br \/>Bunlar, Uygulama taraf\u0131ndan (veya kulland\u0131\u011f\u0131 \u00fc\u00e7\u00fcnc\u00fc taraf uygulamalar taraf\u0131ndan) otomatik olarak toplanan ki\u015fisel verilerdir: Uygulamaya ba\u011flanan Kullan\u0131c\u0131 taraf\u0131ndan kullan\u0131lan bilgisayarlar\u0131n IP adresleri veya alan adlar\u0131, URI (Uniform Resource Identifier) g\u00f6sterim adresleri, talebin zaman\u0131, talebi sunucuya g\u00f6ndermek i\u00e7in kullan\u0131lan y\u00f6ntem, yan\u0131t olarak elde edilen dosyan\u0131n boyutu, sunucu yan\u0131t\u0131n\u0131n durumunu g\u00f6steren say\u0131sal kod (ba\u015far\u0131l\u0131, hata vb.), men\u015fe \u00fclke, ziyaret\u00e7i taraf\u0131ndan kullan\u0131lan taray\u0131c\u0131 ve i\u015fletim sisteminin \u00f6zellikleri, ziyaretin \u00e7e\u015fitli zaman \u00e7a\u011fr\u0131\u015f\u0131mlar\u0131 (\u00f6rn. her sayfada harcanan s\u00fcre) ve Kullan\u0131c\u0131 taraf\u0131ndan izlenen g\u00fczergah\u0131n ayr\u0131nt\u0131lar\u0131.), men\u015fe \u00fclke, ziyaret\u00e7i taraf\u0131ndan kullan\u0131lan taray\u0131c\u0131n\u0131n ve i\u015fletim sisteminin \u00f6zellikleri, ziyaretin \u00e7e\u015fitli zamansal \u00e7a\u011fr\u0131\u015f\u0131mlar\u0131 (\u00f6rne\u011fin her sayfada harcanan s\u00fcre) ve Uygulama i\u00e7inde izlenen g\u00fczergah\u0131n ayr\u0131nt\u0131lar\u0131, \u00f6zellikle ba\u015fvurulan sayfalar\u0131n s\u0131ras\u0131na, i\u015fletim sistemine ve Kullan\u0131c\u0131n\u0131n BT ortam\u0131na ili\u015fkin parametrelere at\u0131fta bulunarak.<\/p>\n<p>K<em>ullan\u0131c\u0131<\/em> Bu Uygulamay\u0131 kullanan, Veri Sahibi ile ayn\u0131 olmas\u0131 veya onun taraf\u0131ndan yetkilendirilmesi gereken ve Ki\u015fisel Verileri i\u015flenen ki\u015fi.<\/p>\n<p>Veri <em>sahibi<\/em> Ki\u015fisel Verilerin at\u0131fta bulundu\u011fu ger\u00e7ek veya t\u00fczel ki\u015fi.<\/p>\n<p>V<em>eri<\/em>S<em>orumlusu (veya Veri \u0130\u015fleyen)<\/em> Veri Sorumlusu taraf\u0131ndan bu gizlilik politikas\u0131n\u0131n h\u00fck\u00fcmlerine uygun olarak Ki\u015fisel Verilerin i\u015flenmesi ile g\u00f6revlendirilen ger\u00e7ek ki\u015fi, t\u00fczel ki\u015fi, kamu idaresi ve di\u011fer herhangi bir organ, birlik veya kurulu\u015f.<\/p>\n<p>V<em>eri<\/em>S<em>orumlusu (veya Sahibi)<\/em> Bu Uygulaman\u0131n i\u015fletilmesi ve kullan\u0131m\u0131 ile ilgili olarak ki\u015fisel verilerin ama\u00e7lar\u0131na, i\u015flenme y\u00f6ntemlerine ve g\u00fcvenlik profili de dahil olmak \u00fczere kullan\u0131lan ara\u00e7lara karar vermekten ba\u015fka bir sahiple birlikte sorumlu olan ger\u00e7ek ki\u015fi, t\u00fczel ki\u015fi, kamu idaresi ve di\u011fer herhangi bir organ, dernek veya kurulu\u015f.<br \/>\nVeri Sorumlusu, aksi belirtilmedik\u00e7e, bu Uygulaman\u0131n sahibidir. <\/p>\n<p>B<em>u Uygulama<\/em> Kullan\u0131c\u0131lar\u0131n Ki\u015fisel Verilerinin topland\u0131\u011f\u0131 donan\u0131m veya yaz\u0131l\u0131m arac\u0131.<\/p>\n<p>\u00c7erez <em> Kullan\u0131c\u0131n\u0131n cihaz\u0131nda depolanan k\u00fc\u00e7\u00fck veri par\u00e7as\u0131.<\/em><\/p>\n<div align=\"center\">\n<hr align=\"center\" size=\"2\" width=\"100%\"><\/div>\n<p>Y<strong>asal referanslar<\/strong> Avrupal\u0131 Kullan\u0131c\u0131lar i\u00e7in Bildirim: Bu gizlilik politikas\u0131, Madde 10&#8217;da belirtilen y\u00fck\u00fcml\u00fcl\u00fcklerin yerine getirilmesi amac\u0131yla haz\u0131rlanm\u0131\u015ft\u0131r.<br \/>\n95\/46\/EC say\u0131l\u0131 Direktifin 10.<br \/>\n<br \/>95\/46\/EC say\u0131l\u0131 Direktifin 10. Maddesinde belirtilen y\u00fck\u00fcml\u00fcl\u00fcklerin yan\u0131 s\u0131ra \u00c7erezler konusunda 2009\/136\/EC say\u0131l\u0131 Direktif ile g\u00fcncellenen 2002\/58\/EC say\u0131l\u0131 Direktif h\u00fck\u00fcmlerine uygun olarak haz\u0131rlanm\u0131\u015ft\u0131r. Bu gizlilik politikas\u0131 yaln\u0131zca bu Uygulama ile ilgilidir.  <\/p>\n\t\t\t\t\t\t<\/div>\n\t\t\t\t<\/div>\n\t\t\t\t\t<\/div>\n\t\t<\/div>\n\t\t\t\t\t<\/div>\n\t\t<\/section>\n\t\t\t\t<\/div>\n\t\t","protected":false},"excerpt":{"rendered":"<p>\u00c7erez ve Gizlilik Politikas\u0131 \u00c7erez Politikas\u0131 \u00c7erezler, taray\u0131c\u0131n\u0131n i\u00e7ine y\u00fcklenen ve Veri Denetleyicisinin a\u00e7\u0131klanan ama\u00e7lar do\u011frultusunda hizmet sa\u011flamas\u0131na yard\u0131mc\u0131 olan kod b\u00f6l\u00fcmleridir. \u00c7erezlerin y\u00fcklenme ama\u00e7lar\u0131ndan baz\u0131lar\u0131 Kullan\u0131c\u0131n\u0131n onay\u0131n\u0131 da gerektirebilir. Teknik ve toplu istatistik \u00e7erezleri Operasyon i\u00e7in kesinlikle gerekli faaliyetler Bu Uygulama, Kullan\u0131c\u0131n\u0131n oturumunu kaydetmek ve \u00f6rne\u011fin trafik da\u011f\u0131t\u0131m\u0131 ile ilgili olarak ayn\u0131 \u015fekilde \u00e7al\u0131\u015fmas\u0131 [&hellip;]<\/p>\n","protected":false},"author":1,"featured_media":0,"parent":0,"menu_order":0,"comment_status":"closed","ping_status":"closed","template":"elementor_header_footer","meta":{"om_disable_all_campaigns":false,"_monsterinsights_skip_tracking":false,"_monsterinsights_sitenote_active":false,"_monsterinsights_sitenote_note":"","_monsterinsights_sitenote_category":0,"site-sidebar-layout":"no-sidebar","site-content-layout":"page-builder","ast-site-content-layout":"","site-content-style":"default","site-sidebar-style":"default","ast-global-header-display":"","ast-banner-title-visibility":"","ast-main-header-display":"","ast-hfb-above-header-display":"","ast-hfb-below-header-display":"","ast-hfb-mobile-header-display":"","site-post-title":"disabled","ast-breadcrumbs-content":"","ast-featured-img":"disabled","footer-sml-layout":"","theme-transparent-header-meta":"","adv-header-id-meta":"","stick-header-meta":"","header-above-stick-meta":"","header-main-stick-meta":"","header-below-stick-meta":"","astra-migrate-meta-layouts":"default","ast-page-background-enabled":"default","ast-page-background-meta":{"desktop":{"background-color":"var(--ast-global-color-4)","background-image":"","background-repeat":"repeat","background-position":"center center","background-size":"auto","background-attachment":"scroll","background-type":"","background-media":"","overlay-type":"","overlay-color":"","overlay-opacity":"","overlay-gradient":""},"tablet":{"background-color":"","background-image":"","background-repeat":"repeat","background-position":"center center","background-size":"auto","background-attachment":"scroll","background-type":"","background-media":"","overlay-type":"","overlay-color":"","overlay-opacity":"","overlay-gradient":""},"mobile":{"background-color":"","background-image":"","background-repeat":"repeat","background-position":"center center","background-size":"auto","background-attachment":"scroll","background-type":"","background-media":"","overlay-type":"","overlay-color":"","overlay-opacity":"","overlay-gradient":""}},"ast-content-background-meta":{"desktop":{"background-color":"var(--ast-global-color-5)","background-image":"","background-repeat":"repeat","background-position":"center center","background-size":"auto","background-attachment":"scroll","background-type":"","background-media":"","overlay-type":"","overlay-color":"","overlay-opacity":"","overlay-gradient":""},"tablet":{"background-color":"var(--ast-global-color-5)","background-image":"","background-repeat":"repeat","background-position":"center center","background-size":"auto","background-attachment":"scroll","background-type":"","background-media":"","overlay-type":"","overlay-color":"","overlay-opacity":"","overlay-gradient":""},"mobile":{"background-color":"var(--ast-global-color-5)","background-image":"","background-repeat":"repeat","background-position":"center center","background-size":"auto","background-attachment":"scroll","background-type":"","background-media":"","overlay-type":"","overlay-color":"","overlay-opacity":"","overlay-gradient":""}},"yasr_overall_rating":0,"yasr_post_is_review":"","yasr_auto_insert_disabled":"","yasr_review_type":"","footnotes":""},"class_list":["post-8382","page","type-page","status-publish","hentry"],"aioseo_notices":[],"yasr_visitor_votes":{"stars_attributes":{"read_only":false,"span_bottom":false},"number_of_votes":0,"sum_votes":0},"_links":{"self":[{"href":"https:\/\/aima.pisa.it\/tr\/wp-json\/wp\/v2\/pages\/8382"}],"collection":[{"href":"https:\/\/aima.pisa.it\/tr\/wp-json\/wp\/v2\/pages"}],"about":[{"href":"https:\/\/aima.pisa.it\/tr\/wp-json\/wp\/v2\/types\/page"}],"author":[{"embeddable":true,"href":"https:\/\/aima.pisa.it\/tr\/wp-json\/wp\/v2\/users\/1"}],"replies":[{"embeddable":true,"href":"https:\/\/aima.pisa.it\/tr\/wp-json\/wp\/v2\/comments?post=8382"}],"version-history":[{"count":2,"href":"https:\/\/aima.pisa.it\/tr\/wp-json\/wp\/v2\/pages\/8382\/revisions"}],"predecessor-version":[{"id":16153,"href":"https:\/\/aima.pisa.it\/tr\/wp-json\/wp\/v2\/pages\/8382\/revisions\/16153"}],"wp:attachment":[{"href":"https:\/\/aima.pisa.it\/tr\/wp-json\/wp\/v2\/media?parent=8382"}],"curies":[{"name":"wp","href":"https:\/\/api.w.org\/{rel}","templated":true}]}}